{"id":2188,"date":"2022-08-05T07:50:25","date_gmt":"2022-08-05T07:50:25","guid":{"rendered":"https:\/\/creativenergy.masmedia.guru\/ingenieurbuero\/"},"modified":"2026-01-27T09:32:58","modified_gmt":"2026-01-27T09:32:58","slug":"ingenieurbuero","status":"publish","type":"page","link":"https:\/\/creativenergy.hu\/de\/ingenieurbuero\/","title":{"rendered":"Ingenieurb\u00fcro"},"content":{"rendered":"\t\t<div data-elementor-type=\"wp-post\" data-elementor-id=\"2188\" class=\"elementor elementor-2188 elementor-1000\" data-elementor-post-type=\"page\">\n\t\t\t\t\t\t<section class=\"elementor-section elementor-top-section elementor-element elementor-element-abf128c elementor-section-full_width elementor-section-height-min-height elementor-section-height-default elementor-section-items-middle\" data-id=\"abf128c\" data-element_type=\"section\">\n\t\t\t\t\t\t<div class=\"elementor-container elementor-column-gap-default\">\n\t\t\t\t\t<div class=\"elementor-column elementor-col-33 elementor-top-column elementor-element elementor-element-00051a8\" data-id=\"00051a8\" data-element_type=\"column\">\n\t\t\t<div class=\"elementor-widget-wrap elementor-element-populated\">\n\t\t\t\t\t\t<div class=\"elementor-element elementor-element-1e06503 elementor-invisible elementor-widget elementor-widget-heading\" data-id=\"1e06503\" data-element_type=\"widget\" data-settings=\"{&quot;_animation&quot;:&quot;bounceInLeft&quot;}\" data-widget_type=\"heading.default\">\n\t\t\t\t\t<h2 class=\"elementor-heading-title elementor-size-default\">Ingenieurb\u00fcro<\/h2>\t\t\t\t<\/div>\n\t\t\t\t<div class=\"elementor-element elementor-element-2f72b3e elementor-align-left elementor-tablet-align-center elementor-mobile-align-left elementor-invisible elementor-widget elementor-widget-button\" data-id=\"2f72b3e\" data-element_type=\"widget\" data-settings=\"{&quot;_animation&quot;:&quot;bounceInLeft&quot;}\" data-widget_type=\"button.default\">\n\t\t\t\t\t\t\t\t\t\t<a class=\"elementor-button elementor-button-link elementor-size-md\" href=\"https:\/\/creativenergy.hu\/de\/kontakt\/\">\n\t\t\t\t\t\t<span class=\"elementor-button-content-wrapper\">\n\t\t\t\t\t\t<span class=\"elementor-button-icon\">\n\t\t\t\t<svg aria-hidden=\"true\" class=\"e-font-icon-svg e-fas-long-arrow-alt-right\" viewBox=\"0 0 448 512\" xmlns=\"http:\/\/www.w3.org\/2000\/svg\"><path d=\"M313.941 216H12c-6.627 0-12 5.373-12 12v56c0 6.627 5.373 12 12 12h301.941v46.059c0 21.382 25.851 32.09 40.971 16.971l86.059-86.059c9.373-9.373 9.373-24.569 0-33.941l-86.059-86.059c-15.119-15.119-40.971-4.411-40.971 16.971V216z\"><\/path><\/svg>\t\t\t<\/span>\n\t\t\t\t\t\t\t\t\t<span class=\"elementor-button-text\">Kontakt<\/span>\n\t\t\t\t\t<\/span>\n\t\t\t\t\t<\/a>\n\t\t\t\t\t\t\t\t<\/div>\n\t\t\t\t\t<\/div>\n\t\t<\/div>\n\t\t\t\t<div class=\"elementor-column elementor-col-66 elementor-top-column elementor-element elementor-element-b0c2783 elementor-invisible\" data-id=\"b0c2783\" data-element_type=\"column\" data-settings=\"{&quot;animation&quot;:&quot;fadeIn&quot;}\">\n\t\t\t<div class=\"elementor-widget-wrap elementor-element-populated\">\n\t\t\t\t\t\t<div class=\"elementor-element elementor-element-2772026 elementor-invisible elementor-widget elementor-widget-image\" data-id=\"2772026\" data-element_type=\"widget\" data-settings=\"{&quot;_animation&quot;:&quot;fadeIn&quot;}\" data-widget_type=\"image.default\">\n\t\t\t\t\t\t\t\t\t\t\t\t\t\t\t<img fetchpriority=\"high\" decoding=\"async\" width=\"2500\" height=\"1391\" src=\"https:\/\/creativenergy.hu\/wp-content\/uploads\/2022\/08\/IMG_9849-edit-1-17.jpg\" class=\"attachment-full size-full wp-image-2046\" alt=\"\" srcset=\"https:\/\/creativenergy.hu\/wp-content\/uploads\/2022\/08\/IMG_9849-edit-1-17.jpg 2500w, https:\/\/creativenergy.hu\/wp-content\/uploads\/2022\/08\/IMG_9849-edit-1-17-300x167.jpg 300w, https:\/\/creativenergy.hu\/wp-content\/uploads\/2022\/08\/IMG_9849-edit-1-17-1024x570.jpg 1024w, https:\/\/creativenergy.hu\/wp-content\/uploads\/2022\/08\/IMG_9849-edit-1-17-768x427.jpg 768w, https:\/\/creativenergy.hu\/wp-content\/uploads\/2022\/08\/IMG_9849-edit-1-17-1536x855.jpg 1536w, https:\/\/creativenergy.hu\/wp-content\/uploads\/2022\/08\/IMG_9849-edit-1-17-2048x1140.jpg 2048w\" sizes=\"(max-width: 2500px) 100vw, 2500px\" \/>\t\t\t\t\t\t\t\t\t\t\t\t\t\t\t<\/div>\n\t\t\t\t\t<\/div>\n\t\t<\/div>\n\t\t\t\t\t<\/div>\n\t\t<\/section>\n\t\t\t\t<section class=\"elementor-section elementor-top-section elementor-element elementor-element-b4eb3a5 elementor-section-boxed elementor-section-height-default elementor-section-height-default\" data-id=\"b4eb3a5\" data-element_type=\"section\" data-settings=\"{&quot;background_background&quot;:&quot;classic&quot;}\">\n\t\t\t\t\t\t<div class=\"elementor-container elementor-column-gap-default\">\n\t\t\t\t\t<div class=\"elementor-column elementor-col-100 elementor-top-column elementor-element elementor-element-34f7a1c\" data-id=\"34f7a1c\" data-element_type=\"column\">\n\t\t\t<div class=\"elementor-widget-wrap elementor-element-populated\">\n\t\t\t\t\t\t<div class=\"elementor-element elementor-element-c8cf08b elementor-widget elementor-widget-heading\" data-id=\"c8cf08b\" data-element_type=\"widget\" data-widget_type=\"heading.default\">\n\t\t\t\t\t<h2 class=\"elementor-heading-title elementor-size-default\">Engineering office services<\/h2>\t\t\t\t<\/div>\n\t\t\t\t<div class=\"elementor-element elementor-element-83e13c0 elementor-widget elementor-widget-text-editor\" data-id=\"83e13c0\" data-element_type=\"widget\" data-widget_type=\"text-editor.default\">\n\t\t\t\t\t\t\t\t\t<p>Planning and implementation of energy and construction industry investments<\/p>\n\t\t\t\t\t\t\t\t<\/div>\n\t\t\t\t<div class=\"elementor-element elementor-element-fcea5ab elementor-widget elementor-widget-text-editor\" data-id=\"fcea5ab\" data-element_type=\"widget\" data-widget_type=\"text-editor.default\">\n\t\t\t\t\t\t\t\t\t<p><strong>Die Mitarbeiter unseres Ingenieurb\u00fcros f\u00fchren herstellerunabh\u00e4ngig und mit vielseitiger Berufserfahrung die Planung und Ausf\u00fchrung von Energie- und Bauprojekten durch. Neben der Bauausf\u00fchrung befassen wir uns auch mit der Vorbereitung der vorangehenden Leistungen: Wir erstellen Statikpl\u00e4ne, f\u00fchren Genehmigungsverfahren durch und erstellen Ausschreibungs-\/Bewerbungsunterlagen. <\/strong><\/p>\n<p>Das Fachwissen unserer Mitarbeiter garantiert, dass wir auch bei komplexen Anforderungen stets die h\u00f6chste Qualit\u00e4t der Bauleistungen erbringen. Wir setzen unsere Ressourcen optimal ein, um die besten M\u00f6glichkeiten zu bieten, und verwenden hochwertige Materialien, die zu der erstklassigen Qualit\u00e4t der von uns errichteten Geb\u00e4ude beitragen.<\/p>\n\t\t\t\t\t\t\t\t<\/div>\n\t\t\t\t<div class=\"elementor-element elementor-element-14bd8f0 elementor-align-left elementor-tablet-align-center elementor-widget elementor-widget-button\" data-id=\"14bd8f0\" data-element_type=\"widget\" data-widget_type=\"button.default\">\n\t\t\t\t\t\t\t\t\t\t<a class=\"elementor-button elementor-button-link elementor-size-md\" href=\"\/law\/services\/\">\n\t\t\t\t\t\t<span class=\"elementor-button-content-wrapper\">\n\t\t\t\t\t\t<span class=\"elementor-button-icon\">\n\t\t\t\t\t\t\t<\/span>\n\t\t\t\t\t\t\t\t\t<span class=\"elementor-button-text\">Kontakt<\/span>\n\t\t\t\t\t<\/span>\n\t\t\t\t\t<\/a>\n\t\t\t\t\t\t\t\t<\/div>\n\t\t\t\t\t<\/div>\n\t\t<\/div>\n\t\t\t\t\t<\/div>\n\t\t<\/section>\n\t\t\t\t<section class=\"elementor-section elementor-top-section elementor-element elementor-element-bceacc8 elementor-section-height-min-height elementor-section-boxed elementor-section-height-default elementor-section-items-middle\" data-id=\"bceacc8\" data-element_type=\"section\" data-settings=\"{&quot;background_background&quot;:&quot;classic&quot;}\">\n\t\t\t\t\t\t\t<div class=\"elementor-background-overlay\"><\/div>\n\t\t\t\t\t\t\t<div class=\"elementor-container elementor-column-gap-default\">\n\t\t\t\t\t<div class=\"elementor-column elementor-col-100 elementor-top-column elementor-element elementor-element-57003f0\" data-id=\"57003f0\" data-element_type=\"column\">\n\t\t\t<div class=\"elementor-widget-wrap elementor-element-populated\">\n\t\t\t\t\t\t<div class=\"elementor-element elementor-element-2f561fe elementor-invisible elementor-widget elementor-widget-heading\" data-id=\"2f561fe\" data-element_type=\"widget\" data-settings=\"{&quot;_animation&quot;:&quot;fadeIn&quot;}\" data-widget_type=\"heading.default\">\n\t\t\t\t\t<h2 class=\"elementor-heading-title elementor-size-default\">architecture <br>fire protection<\/h2>\t\t\t\t<\/div>\n\t\t\t\t\t<\/div>\n\t\t<\/div>\n\t\t\t\t\t<\/div>\n\t\t<\/section>\n\t\t\t\t<section class=\"elementor-section elementor-top-section elementor-element elementor-element-cf75b10 elementor-section-boxed elementor-section-height-default elementor-section-height-default\" data-id=\"cf75b10\" data-element_type=\"section\">\n\t\t\t\t\t\t<div class=\"elementor-container elementor-column-gap-default\">\n\t\t\t\t\t<div class=\"elementor-column elementor-col-100 elementor-top-column elementor-element elementor-element-d4bf733\" data-id=\"d4bf733\" data-element_type=\"column\">\n\t\t\t<div class=\"elementor-widget-wrap elementor-element-populated\">\n\t\t\t\t\t\t<div class=\"elementor-element elementor-element-2c22a41 elementor-widget elementor-widget-heading\" data-id=\"2c22a41\" data-element_type=\"widget\" data-widget_type=\"heading.default\">\n\t\t\t\t\t<h2 class=\"elementor-heading-title elementor-size-default\">Planning, authorization, tenders<\/h2>\t\t\t\t<\/div>\n\t\t\t\t\t<\/div>\n\t\t<\/div>\n\t\t\t\t\t<\/div>\n\t\t<\/section>\n\t\t\t\t<section class=\"elementor-section elementor-top-section elementor-element elementor-element-c13ecc8 elementor-section-content-middle elementor-section-boxed elementor-section-height-default elementor-section-height-default\" data-id=\"c13ecc8\" data-element_type=\"section\">\n\t\t\t\t\t\t<div class=\"elementor-container elementor-column-gap-default\">\n\t\t\t\t\t<div class=\"elementor-column elementor-col-50 elementor-top-column elementor-element elementor-element-1ba5a7a\" data-id=\"1ba5a7a\" data-element_type=\"column\">\n\t\t\t<div class=\"elementor-widget-wrap elementor-element-populated\">\n\t\t\t\t\t\t<div class=\"elementor-element elementor-element-1a8106a elementor-widget elementor-widget-heading\" data-id=\"1a8106a\" data-element_type=\"widget\" data-widget_type=\"heading.default\">\n\t\t\t\t\t<h2 class=\"elementor-heading-title elementor-size-default\">Unser Ingenieurb\u00fcro bietet die folgenden Dienstleistungen an:<\/h2>\t\t\t\t<\/div>\n\t\t\t\t<div class=\"elementor-element elementor-element-a29e3c0 elementor-widget elementor-widget-text-editor\" data-id=\"a29e3c0\" data-element_type=\"widget\" data-widget_type=\"text-editor.default\">\n\t\t\t\t\t\t\t\t\t<p class=\"Textbody\" style=\"margin-left: 36.0pt; text-align: justify; text-indent: -18.0pt; mso-list: l0 level1 lfo1;\"><span style=\"font-family: OpenSymbol; mso-fareast-font-family: OpenSymbol; mso-bidi-font-family: OpenSymbol; color: #0d0d0d; mso-themecolor: text1; mso-themetint: 242;\">\u2022<span style=\"font-variant-numeric: normal; font-variant-east-asian: normal; font-stretch: normal; font-size: 7pt; line-height: normal; font-family: 'Times New Roman';\"> <\/span><\/span><span style=\"font-family: 'Arial',sans-serif; color: #0d0d0d; mso-themecolor: text1; mso-themetint: 242;\">Architektur<\/span><\/p>\n<p class=\"Textbody\" style=\"margin-left: 36.0pt; text-align: justify; text-indent: -18.0pt; mso-list: l0 level1 lfo1;\"><span style=\"font-family: OpenSymbol; mso-fareast-font-family: OpenSymbol; mso-bidi-font-family: OpenSymbol; color: #0d0d0d; mso-themecolor: text1; mso-themetint: 242;\">\u2022<span style=\"font-variant-numeric: normal; font-variant-east-asian: normal; font-stretch: normal; font-size: 7pt; line-height: normal; font-family: 'Times New Roman';\"> <\/span><\/span><span style=\"font-family: 'Arial',sans-serif; color: #0d0d0d; mso-themecolor: text1; mso-themetint: 242;\">Geb\u00e4udetechnik<\/span><\/p>\n<p class=\"Textbody\" style=\"margin-left: 36.0pt; text-align: justify; text-indent: -18.0pt; mso-list: l0 level1 lfo1;\"><span style=\"font-family: OpenSymbol; mso-fareast-font-family: OpenSymbol; mso-bidi-font-family: OpenSymbol; color: #0d0d0d; mso-themecolor: text1; mso-themetint: 242;\">\u2022<\/span><span style=\"font-family: 'Arial',sans-serif; color: #0d0d0d; mso-themecolor: text1; mso-themetint: 242;\">Stark- und Schwachstromnetze<\/span><\/p>\n<p class=\"Textbody\" style=\"margin-left: 36.0pt; text-align: justify; text-indent: -18.0pt; mso-list: l0 level1 lfo1;\"><span style=\"font-family: OpenSymbol; mso-fareast-font-family: OpenSymbol; mso-bidi-font-family: OpenSymbol; color: #0d0d0d; mso-themecolor: text1; mso-themetint: 242;\">\u2022<span style=\"font-variant-numeric: normal; font-variant-east-asian: normal; font-stretch: normal; font-size: 7pt; line-height: normal; font-family: 'Times New Roman';\"> <\/span><\/span><span style=\"font-family: 'Arial',sans-serif; color: #0d0d0d; mso-themecolor: text1; mso-themetint: 242;\">Statik<\/span><\/p>\n<p class=\"Textbody\" style=\"margin-left: 36.0pt; text-align: justify; text-indent: -18.0pt; mso-list: l0 level1 lfo1;\"><span style=\"font-family: OpenSymbol; mso-fareast-font-family: OpenSymbol; mso-bidi-font-family: OpenSymbol; color: #0d0d0d; mso-themecolor: text1; mso-themetint: 242;\">\u2022<span style=\"font-variant-numeric: normal; font-variant-east-asian: normal; font-stretch: normal; font-size: 7pt; line-height: normal; font-family: 'Times New Roman';\"> <\/span><\/span><span style=\"font-family: 'Arial',sans-serif; color: #0d0d0d; mso-themecolor: text1; mso-themetint: 242;\">Brandschutz<\/span><\/p>\n<p class=\"Textbody\" style=\"margin-left: 36.0pt; text-align: justify; text-indent: -18.0pt; mso-list: l0 level1 lfo1;\"><span style=\"font-family: OpenSymbol; mso-fareast-font-family: OpenSymbol; mso-bidi-font-family: OpenSymbol; color: #0d0d0d; mso-themecolor: text1; mso-themetint: 242;\">\u2022<span style=\"font-variant-numeric: normal; font-variant-east-asian: normal; font-stretch: normal; font-size: 7pt; line-height: normal; font-family: 'Times New Roman';\"> <\/span><\/span><span style=\"font-family: 'Arial',sans-serif; color: #0d0d0d; mso-themecolor: text1; mso-themetint: 242;\">Technologische Prozesse<\/span><\/p>\n\t\t\t\t\t\t\t\t<\/div>\n\t\t\t\t<div class=\"elementor-element elementor-element-e4f3763 elementor-align-left elementor-tablet-align-center elementor-widget elementor-widget-button\" data-id=\"e4f3763\" data-element_type=\"widget\" data-widget_type=\"button.default\">\n\t\t\t\t\t\t\t\t\t\t<a class=\"elementor-button elementor-button-link elementor-size-md\" href=\"https:\/\/creativenergy.hu\/\/contact\/\">\n\t\t\t\t\t\t<span class=\"elementor-button-content-wrapper\">\n\t\t\t\t\t\t<span class=\"elementor-button-icon\">\n\t\t\t\t\t\t\t<\/span>\n\t\t\t\t\t\t\t\t\t<span class=\"elementor-button-text\">Kontakt<\/span>\n\t\t\t\t\t<\/span>\n\t\t\t\t\t<\/a>\n\t\t\t\t\t\t\t\t<\/div>\n\t\t\t\t\t<\/div>\n\t\t<\/div>\n\t\t\t\t<div class=\"elementor-column elementor-col-50 elementor-top-column elementor-element elementor-element-4896bf2\" data-id=\"4896bf2\" data-element_type=\"column\">\n\t\t\t<div class=\"elementor-widget-wrap elementor-element-populated\">\n\t\t\t\t\t\t<div class=\"elementor-element elementor-element-6673b39 elementor-widget elementor-widget-image\" data-id=\"6673b39\" data-element_type=\"widget\" data-widget_type=\"image.default\">\n\t\t\t\t\t\t\t\t\t\t\t\t\t\t\t<img decoding=\"async\" src=\"https:\/\/creativenergy.hu\/wp-content\/uploads\/elementor\/thumbs\/IMG_9642-edit-1-5-1-pthueswrvoouewoemt99t9dhe5toxh1nsk2x2p8ako.jpg\" title=\"IMG_9642-edit-1-5\" alt=\"IMG_9642-edit-1-5\" loading=\"lazy\" \/>\t\t\t\t\t\t\t\t\t\t\t\t\t\t\t<\/div>\n\t\t\t\t\t<\/div>\n\t\t<\/div>\n\t\t\t\t\t<\/div>\n\t\t<\/section>\n\t\t\t\t<section class=\"elementor-section elementor-top-section elementor-element elementor-element-418291d elementor-section-boxed elementor-section-height-default elementor-section-height-default\" data-id=\"418291d\" data-element_type=\"section\">\n\t\t\t\t\t\t<div class=\"elementor-container elementor-column-gap-default\">\n\t\t\t\t\t<div class=\"elementor-column elementor-col-100 elementor-top-column elementor-element elementor-element-089edd5\" data-id=\"089edd5\" data-element_type=\"column\">\n\t\t\t<div class=\"elementor-widget-wrap elementor-element-populated\">\n\t\t\t\t\t\t<div class=\"elementor-element elementor-element-b4294d2 elementor-widget elementor-widget-heading\" data-id=\"b4294d2\" data-element_type=\"widget\" data-widget_type=\"heading.default\">\n\t\t\t\t\t<h2 class=\"elementor-heading-title elementor-size-default\">Fordern Sie ein Angebot bei uns an!<\/h2>\t\t\t\t<\/div>\n\t\t\t\t<div class=\"elementor-element elementor-element-e0c0946 elementor-widget elementor-widget-heading\" data-id=\"e0c0946\" data-element_type=\"widget\" data-widget_type=\"heading.default\">\n\t\t\t\t\t<h2 class=\"elementor-heading-title elementor-size-default\">Arbeiten wir zusammen! <br>\nKontaktieren Sie uns! \n<\/h2>\t\t\t\t<\/div>\n\t\t\t\t<div class=\"elementor-element elementor-element-32999b3 elementor-widget__width-initial elementor-button-align-stretch elementor-widget elementor-widget-form\" data-id=\"32999b3\" data-element_type=\"widget\" data-settings=\"{&quot;step_next_label&quot;:&quot;Next&quot;,&quot;step_previous_label&quot;:&quot;Previous&quot;,&quot;button_width&quot;:&quot;100&quot;,&quot;step_type&quot;:&quot;number_text&quot;,&quot;step_icon_shape&quot;:&quot;circle&quot;}\" data-widget_type=\"form.default\">\n\t\t\t\t\t\t\t<form class=\"elementor-form\" method=\"post\" name=\"New Form\" aria-label=\"New Form\">\n\t\t\t<input type=\"hidden\" name=\"post_id\" value=\"2188\"\/>\n\t\t\t<input type=\"hidden\" name=\"form_id\" value=\"32999b3\"\/>\n\t\t\t<input type=\"hidden\" name=\"referer_title\" value=\"Ingenieurb\u00fcro\" \/>\n\n\t\t\t\t\t\t\t<input type=\"hidden\" name=\"queried_id\" value=\"2188\"\/>\n\t\t\t\n\t\t\t<div class=\"elementor-form-fields-wrapper elementor-labels-\">\n\t\t\t\t\t\t\t\t<div class=\"elementor-field-type-text elementor-field-group elementor-column elementor-field-group-field_fadb363 elementor-col-50\">\n\t\t\t\t\t\t\t\t\t\t\t\t<label for=\"form-field-field_fadb363\" class=\"elementor-field-label elementor-screen-only\">\n\t\t\t\t\t\t\t\tFamilienname\t\t\t\t\t\t\t<\/label>\n\t\t\t\t\t\t\t\t\t\t\t\t\t\t<input size=\"1\" type=\"text\" name=\"form_fields[field_fadb363]\" id=\"form-field-field_fadb363\" class=\"elementor-field elementor-size-sm  elementor-field-textual\" placeholder=\"Familienname\">\n\t\t\t\t\t\t\t\t\t\t\t<\/div>\n\t\t\t\t\t\t\t\t<div class=\"elementor-field-type-text elementor-field-group elementor-column elementor-field-group-field_972b2fc elementor-col-50\">\n\t\t\t\t\t\t\t\t\t\t\t\t<label for=\"form-field-field_972b2fc\" class=\"elementor-field-label elementor-screen-only\">\n\t\t\t\t\t\t\t\tVorname\t\t\t\t\t\t\t<\/label>\n\t\t\t\t\t\t\t\t\t\t\t\t\t\t<input size=\"1\" type=\"text\" name=\"form_fields[field_972b2fc]\" id=\"form-field-field_972b2fc\" class=\"elementor-field elementor-size-sm  elementor-field-textual\" placeholder=\"Vorname\">\n\t\t\t\t\t\t\t\t\t\t\t<\/div>\n\t\t\t\t\t\t\t\t<div class=\"elementor-field-type-email elementor-field-group elementor-column elementor-field-group-email elementor-col-100 elementor-field-required\">\n\t\t\t\t\t\t\t\t\t\t\t\t<label for=\"form-field-email\" class=\"elementor-field-label elementor-screen-only\">\n\t\t\t\t\t\t\t\tE-mail\t\t\t\t\t\t\t<\/label>\n\t\t\t\t\t\t\t\t\t\t\t\t\t\t<input size=\"1\" type=\"email\" name=\"form_fields[email]\" id=\"form-field-email\" class=\"elementor-field elementor-size-sm  elementor-field-textual\" placeholder=\"E-mail\" required=\"required\">\n\t\t\t\t\t\t\t\t\t\t\t<\/div>\n\t\t\t\t\t\t\t\t<div class=\"elementor-field-type-textarea elementor-field-group elementor-column elementor-field-group-message elementor-col-100\">\n\t\t\t\t\t\t\t\t\t\t\t\t<label for=\"form-field-message\" class=\"elementor-field-label elementor-screen-only\">\n\t\t\t\t\t\t\t\tNachricht\t\t\t\t\t\t\t<\/label>\n\t\t\t\t\t\t<textarea class=\"elementor-field-textual elementor-field  elementor-size-sm\" name=\"form_fields[message]\" id=\"form-field-message\" rows=\"4\" placeholder=\"Nachricht\"><\/textarea>\t\t\t\t<\/div>\n\t\t\t\t\t\t\t\t<div class=\"elementor-field-type-acceptance elementor-field-group elementor-column elementor-field-group-field_a987891 elementor-col-100 elementor-field-required\">\n\t\t\t\t\t\t\t<div class=\"elementor-field-subgroup\">\n\t\t\t<span class=\"elementor-field-option\">\n\t\t\t\t<input type=\"checkbox\" name=\"form_fields[field_a987891]\" id=\"form-field-field_a987891\" class=\"elementor-field elementor-size-sm  elementor-acceptance-field\" required=\"required\">\n\t\t\t\t<label for=\"form-field-field_a987891\">Ich habe die <a href=\"\/wp-content\/uploads\/2023\/03\/20230327103328.pdf\" target=\"_blank\">Datenschutzbestimmungen<\/a> gelesen und stimme ihnen zu.<\/label>\t\t\t<\/span>\n\t\t<\/div>\n\t\t\t\t\t\t<\/div>\n\t\t\t\t\t\t\t\t<div class=\"elementor-field-type-recaptcha_v3 elementor-field-group elementor-column elementor-field-group-field_58313be elementor-col-100 recaptcha_v3-bottomright\">\n\t\t\t\t\t<div class=\"elementor-field\" id=\"form-field-field_58313be\"><div class=\"elementor-g-recaptcha\" data-sitekey=\"6LdL30AsAAAAAOn93JTSeKMqc9XIofTMZpCPxhGT\" data-type=\"v3\" data-action=\"Form\" data-badge=\"bottomright\" data-size=\"invisible\"><\/div><\/div>\t\t\t\t<\/div>\n\t\t\t\t\t\t\t\t<div class=\"elementor-field-group elementor-column elementor-field-type-submit elementor-col-100 e-form__buttons\">\n\t\t\t\t\t<button class=\"elementor-button elementor-size-sm\" type=\"submit\">\n\t\t\t\t\t\t<span class=\"elementor-button-content-wrapper\">\n\t\t\t\t\t\t\t\t\t\t\t\t\t\t\t\t\t\t\t\t\t\t<span class=\"elementor-button-text\">Senden<\/span>\n\t\t\t\t\t\t\t\t\t\t\t\t\t<\/span>\n\t\t\t\t\t<\/button>\n\t\t\t\t<\/div>\n\t\t\t<\/div>\n\t\t<\/form>\n\t\t\t\t\t\t<\/div>\n\t\t\t\t\t<\/div>\n\t\t<\/div>\n\t\t\t\t\t<\/div>\n\t\t<\/section>\n\t\t\t\t<\/div>\n\t\t","protected":false},"excerpt":{"rendered":"<p>Ingenieurb\u00fcro Kontakt Engineering office services Planning and implementation of energy and construction industry investments Die Mitarbeiter unseres Ingenieurb\u00fcros f\u00fchren herstellerunabh\u00e4ngig und mit vielseitiger Berufserfahrung die Planung und Ausf\u00fchrung von Energie- und Bauprojekten durch. Neben der Bauausf\u00fchrung befassen wir uns auch mit der Vorbereitung der vorangehenden Leistungen: Wir erstellen Statikpl\u00e4ne, f\u00fchren Genehmigungsverfahren durch und erstellen Ausschreibungs-\/Bewerbungsunterlagen. [&hellip;]<\/p>\n","protected":false},"author":1,"featured_media":0,"parent":0,"menu_order":0,"comment_status":"closed","ping_status":"closed","template":"elementor_header_footer","meta":{"footnotes":""},"class_list":["post-2188","page","type-page","status-publish","hentry"],"_links":{"self":[{"href":"https:\/\/creativenergy.hu\/de\/wp-json\/wp\/v2\/pages\/2188","targetHints":{"allow":["GET"]}}],"collection":[{"href":"https:\/\/creativenergy.hu\/de\/wp-json\/wp\/v2\/pages"}],"about":[{"href":"https:\/\/creativenergy.hu\/de\/wp-json\/wp\/v2\/types\/page"}],"author":[{"embeddable":true,"href":"https:\/\/creativenergy.hu\/de\/wp-json\/wp\/v2\/users\/1"}],"replies":[{"embeddable":true,"href":"https:\/\/creativenergy.hu\/de\/wp-json\/wp\/v2\/comments?post=2188"}],"version-history":[{"count":4,"href":"https:\/\/creativenergy.hu\/de\/wp-json\/wp\/v2\/pages\/2188\/revisions"}],"predecessor-version":[{"id":2642,"href":"https:\/\/creativenergy.hu\/de\/wp-json\/wp\/v2\/pages\/2188\/revisions\/2642"}],"wp:attachment":[{"href":"https:\/\/creativenergy.hu\/de\/wp-json\/wp\/v2\/media?parent=2188"}],"curies":[{"name":"wp","href":"https:\/\/api.w.org\/{rel}","templated":true}]}}